{"id":1720,"date":"2020-08-26T10:49:50","date_gmt":"2020-08-26T08:49:50","guid":{"rendered":"https:\/\/www.christophenzel.de\/mim\/?page_id=1720"},"modified":"2020-08-26T10:49:50","modified_gmt":"2020-08-26T08:49:50","slug":"datenschutz","status":"publish","type":"page","link":"https:\/\/www.christophenzel.de\/en\/datenschutz\/","title":{"rendered":"Privacy"},"content":{"rendered":"<p>Diese Datenschutzerkl\u00e4rung kl\u00e4rt \u00fcber die Art, den Umfang und Zweck der Verarbeitung von personenbezogenen Daten innerhalb meines Onlineangebotes und der mit ihm verbundenen Webseiten, Funktionen und Inhalte sowie externen Onlinepr\u00e4senzen, wie z.B. meiner Social Media Profile auf.<br><br><\/p>\n\n\n\n<h3>Allgemein<br><br><\/h3>\n\n\n\n<h5>Verantwortlicher<\/h5>\n\n\n\n<p>Christoph Enzel<br>Lehderstra\u00dfe 50<br>13086 Berlin<br>Deutschland<\/p>\n\n\n\n<p><a href=\"mailto:christoph@enzel.de\">christoph@enzel.de<\/a><br><a href=\"http:\/\/www.carinaczisch.de\/\"><\/a><a rel=\"noreferrer noopener\" href=\"https:\/\/www.christophenzel.de\/en\/\" target=\"_blank\">www.christophenzel.de<\/a><br><a rel=\"noreferrer noopener\" href=\"https:\/\/www.christophenzel.de\/en\/mim\/impressum\/\" target=\"_blank\">Imprint<\/a><br><br><\/p>\n\n\n\n<h5>Art der erhobenen Daten<\/h5>\n\n\n\n<p>Die Nutzung dieses Onlineangebots ist in der Regel ohne Angabe personenbezogener Daten m\u00f6glich. Soweit auf diesen Seiten personenbezogene Daten (beispielsweise Name, Anschrift oder E-Mail-Adressen) erhoben werden, erfolgt dies, soweit m\u00f6glich, stets auf freiwilliger Basis. Diese Daten werden ohne Ihre ausdr\u00fcckliche Zustimmung nicht an Dritte weitergegeben.<br>&#8211; Bestandsdaten (z.B. Namen, Adressen)<br>&#8211; Kontaktdaten (z.B. E-Mail, Telefonnummern)<br>&#8211; Inhaltsdaten (z.B. Texteingaben)<br>&#8211; Nutzungsdaten (z.B. besuchte Seiten, Zugriffszeiten)<br>&#8211; Meta-\/Kommunikationsdaten (z.B. Ger\u00e4te-Informationen, IP-Adressen)<br><br><\/p>\n\n\n\n<h5>Zweck der Verarbeitung<\/h5>\n\n\n\n<p>Diese Daten werden zur Reichweitenmessung und Marketingzwecke erhoben und um mein Onlineangebot sowie deren Funktionen und Inhalte zur Verf\u00fcgung zu stellen. Weiterhin sind einige dieser Daten notwendig, um Kontakt- und Projektanfragen zu beantworten.<br><br><\/p>\n\n\n\n<h5>Recht auf&nbsp;Auskunft, L\u00f6schung, Sperrung<\/h5>\n\n\n\n<p>Sie haben das Recht, eine Best\u00e4tigung dar\u00fcber zu verlangen, ob betreffende Daten verarbeitet werden und auf Auskunft \u00fcber diese Daten sowie auf weitere Informationen und Kopie der Daten entsprechend Art. 15 DSGVO.&nbsp;Sie haben entsprechend. Art. 16 DSGVO das Recht, die Vervollst\u00e4ndigung der Sie betreffenden Daten oder die Berichtigung der Sie betreffenden unrichtigen Daten zu verlangen. Sie haben nach Ma\u00dfgabe des Art. 17 DSGVO das Recht zu verlangen, dass betreffende Daten unverz\u00fcglich gel\u00f6scht werden, bzw. alternativ nach Ma\u00dfgabe des Art. 18 DSGVO eine Einschr\u00e4nkung der Verarbeitung der Daten zu verlangen. Sie haben das Recht zu verlangen, dass die Sie betreffenden Daten, die Sie uns bereitgestellt haben nach Ma\u00dfgabe des Art. 20 DSGVO zu erhalten und deren \u00dcbermittlung an andere Verantwortliche zu fordern.&nbsp;Sie haben ferner gem. Art. 77 DSGVO das Recht, eine Beschwerde bei der zust\u00e4ndigen Aufsichtsbeh\u00f6rde einzureichen.<br><br><\/p>\n\n\n\n<h5>Widerrufsrecht<\/h5>\n\n\n\n<p>Sie haben das Recht, erteilte Einwilligungen gem. Art. 7 Abs. 3 DSGVO mit Wirkung f\u00fcr die Zukunft zu widerrufen.<br><br><\/p>\n\n\n\n<h5>Widerspruchsrecht<\/h5>\n\n\n\n<p>Sie k\u00f6nnen der k\u00fcnftigen Verarbeitung der Sie betreffenden Daten nach Ma\u00dfgabe des Art. 21 DSGVO jederzeit widersprechen. Der Widerspruch kann insbesondere gegen die Verarbeitung f\u00fcr Zwecke der Direktwerbung erfolgen.<br><br><\/p>\n\n\n\n<h3>Kontaktaufnahme<\/h3>\n\n\n\n<p>Bei der Kontaktaufnahme mit mir (z.B. per Kontaktformular, E-Mail, Telefon oder via sozialer Medien) werden die Angaben des Nutzers zur Bearbeitung der Kontaktanfrage und deren Abwicklung gem. Art. 6 Abs. 1 lit. b. (im Rahmen vertraglicher-\/vorvertraglicher Beziehungen), Art. 6 Abs. 1 lit. f. (andere Anfragen) DSGVO verarbeitet. Die Angaben der Nutzer k\u00f6nnen in einem Customer-Relationship-Management System (&#8222;CRM System&#8220;) oder vergleichbarer Anfragenorganisation gespeichert werden.<br><br><\/p>\n\n\n\n<h3>Hosting<\/h3>\n\n\n\n<p>Die von mir in Anspruch genommenen Hosting-Leistungen dienen der Zurverf\u00fcgungstellung der folgenden Leistungen: Infrastruktur- und Plattformdienstleistungen, Rechenkapazit\u00e4t, Speicherplatz und Datenbankdienste, Sicherheitsleistungen sowie technische Wartungsleistungen, die ich zum Zwecke des Betriebs dieses Onlineangebotes einsetzen. Hierbei verarbeite ich, bzw. mein Hostinganbieter Bestandsdaten, Kontaktdaten, Inhaltsdaten, Vertragsdaten, Nutzungsdaten, Meta- und Kommunikationsdaten von Kunden, Interessenten und Besuchern dieses Onlineangebotes auf Grundlage meiner berechtigten Interessen an einer effizienten und sicheren Zurverf\u00fcgungstellung dieses Onlineangebotes gem. Art. 6 Abs. 1 lit. f DSGVO i.V.m. Art. 28 DSGVO (Abschluss Auftragsverarbeitungsvertrag).<br><br><\/p>\n\n\n\n<h3>Cookies<\/h3>\n\n\n\n<p>Die Internetseite verwendet teilweise so genannte \u00bbCookies\u00ab. Cookies richten auf Ihrem Rechner keinen Schaden an und enthalten keine Viren. Cookies dienen dazu, mein Angebot nutzerfreundlicher, effektiver und sicherer zu machen. Cookies sind kleine Textdateien, die auf Ihrem Rechner abgelegt werden und die Ihr Browser speichert. Die meisten des Onlineangebots verwendeten Cookies sind so genannte \u00bbSession-Cookies\u00ab, diese werden nach Ende Ihres Besuchs automatisch gel\u00f6scht. Andere Cookies bleiben auf Ihrem Endger\u00e4t gespeichert, bis Sie diese l\u00f6schen. Diese Cookies erm\u00f6glichen es, ihren Browser beim n\u00e4chsten Besuch wiederzuerkennen. Sie k\u00f6nnen Ihren Browser so einstellen, dass Sie \u00fcber das Setzen von Cookies informiert werden und Cookies nur im Einzelfall erlauben, die Annahme von Cookies f\u00fcr bestimmte F\u00e4lle oder generell ausschlie\u00dfen sowie das automatische L\u00f6schen der Cookies beim Schlie\u00dfen des Browser aktivieren. Bei der Deaktivierung von Cookies kann die&nbsp; Funktionalit\u00e4t dieser Website eingeschr\u00e4nkt sein.<br><br><\/p>\n\n\n\n<h3>Server Log-Files<\/h3>\n\n\n\n<p>Der Provider der Seiten erhebt und speichert automatisch Informationen in so genannten Server-Log Files, die Ihr Browser automatisch an mich \u00fcbermittelt.&nbsp;Dies sind unter anderem:<br>&#8211; Browsertyp und Browserversion<br>&#8211; verwendetes Betriebssystem<br>&#8211; Referrer URL<br>&#8211; Hostname des zugreifenden Rechners<br>&#8211; Uhrzeit der Serveranfrage<br><br>Diese Daten sind nicht bestimmten Personen zuordnungsbar. Eine Zusammenf\u00fchrung dieser Daten mit anderen Datenquellen wird nicht vorgenommen. Ich behalte mir vor, diese Daten nachtr\u00e4glich zu pr\u00fcfen, wenn konkrete Anhaltspunkte f\u00fcr eine rechtswidrige Nutzung bekannt werden.<br><br><\/p>\n\n\n\n<h3>SSL-Verschl\u00fcsselung<\/h3>\n\n\n\n<p>Diese Seite nutzt aus Gr\u00fcnden der Sicherheit und zum Schutz der \u00dcbertragung vertraulicher Inhalte, wie zum Beispiel der Anfragen, die Sie an uns als Seitenbetreiber senden, eine SSL-Verschl\u00fcsselung. Eine verschl\u00fcsselte Verbindung erkennen Sie daran, dass die Adresszeile des Browsers von \u00bbhttp:\/\/\u00ab auf \u00bbhttps:\/\/\u00ab&nbsp;wechselt und an dem Schloss-Symbol in Ihrer Browserzeile.&nbsp;Wenn die SSL Verschl\u00fcsselung aktiviert ist, k\u00f6nnen die Daten, die sie an mich \u00fcbermitteln, nicht von Dritten mitgelesen werden.<br><br><\/p>\n\n\n\n<h3>Google<br><br><\/h3>\n\n\n\n<h5>Google Analytics<\/h5>\n\n\n\n<p>Ich setze auf Grundlage berechtigter Interessen (d.h. Interesse an der Analyse, Optimierung und wirtschaftlichem Betrieb unseres Onlineangebotes im Sinne des Art. 6 Abs. 1 lit. f. DSGVO) Google Analytics, einen Webanalysedienst der Google LLC (\u201eGoogle\u201c) ein. Google verwendet Cookies. Die durch das Cookie erzeugten Informationen \u00fcber Benutzung des Onlineangebotes durch die Nutzer werden in der Regel an einen Server von Google in den USA \u00fcbertragen und dort gespeichert.<\/p>\n\n\n\n<p>Google ist unter dem&nbsp;<a href=\"https:\/\/www.privacyshield.gov\/participant?id=a2zt000000001L5AAI&amp;status=Active\" target=\"_blank\" rel=\"noreferrer noopener\">Privacy-Shield-Abkommen<\/a>&nbsp;zertifiziert und bietet hierdurch eine Garantie, das europ\u00e4ische Datenschutzrecht einzuhalten.<\/p>\n\n\n\n<p>Google wird diese Informationen in unserem Auftrag benutzen, um die Nutzung des Onlineangebotes durch die Nutzer auszuwerten, um Reports \u00fcber die Aktivit\u00e4ten innerhalb dieses Onlineangebotes zusammenzustellen und um weitere, mit der Nutzung dieses Onlineangebotes und der Internetnutzung verbundene Dienstleistungen, mir gegen\u00fcber zu erbringen. Dabei k\u00f6nnen aus den verarbeiteten Daten pseudonyme Nutzungsprofile der Nutzer erstellt werden.<\/p>\n\n\n\n<p>Google Analytics wird nur mit aktivierter IP-Anonymisierung eingesetzt. Das bedeutet, die IP-Adresse der Nutzer wird von Google innerhalb von Mitgliedstaaten der Europ\u00e4ischen Union oder in anderen Vertragsstaaten des Abkommens \u00fcber den Europ\u00e4ischen Wirtschaftsraum gek\u00fcrzt. Nur in Ausnahmef\u00e4llen wird die volle IP-Adresse an einen Server von Google in den USA \u00fcbertragen und dort gek\u00fcrzt.<\/p>\n\n\n\n<p>Die von dem Browser des Nutzers \u00fcbermittelte IP-Adresse wird nicht mit anderen Daten von Google zusammengef\u00fchrt. Die Nutzer k\u00f6nnen die Speicherung der Cookies durch eine entsprechende Einstellung ihrer Browser-Software verhindern; die Nutzer k\u00f6nnen dar\u00fcber hinaus die Erfassung der durch das Cookie erzeugten und auf ihre Nutzung des Onlineangebotes bezogenen Daten an Google sowie die Verarbeitung dieser Daten durch Google verhindern, indem sie das unter folgendem Link verf\u00fcgbare Browser-Plugin herunterladen und installieren:&nbsp;<a href=\"http:\/\/tools.google.com\/dlpage\/gaoptout?hl=de\" target=\"_blank\" rel=\"noreferrer noopener\">http:\/\/tools.google.com\/dlpage\/gaoptout?hl=de<\/a>.<\/p>\n\n\n\n<p>Weitere Informationen zur Datennutzung durch Google, Einstellungs- und Widerspruchsm\u00f6glichkeiten, erfahren Sie in der&nbsp;<a href=\"https:\/\/policies.google.com\/technologies\/ads\" target=\"_blank\" rel=\"noreferrer noopener\">Datenschutzerkl\u00e4rung von Google<\/a>&nbsp;sowie in den Einstellungen f\u00fcr die&nbsp;<a href=\"https:\/\/adssettings.google.com\/authenticated\" target=\"_blank\" rel=\"noreferrer noopener\">Darstellung von Werbeeinblendungen durch Google<\/a>.<\/p>\n\n\n\n<p>Die personenbezogenen Daten der Nutzer werden nach 14 Monaten gel\u00f6scht oder anonymisiert.<br><br><\/p>\n\n\n\n<h5>Google Fonts<\/h5>\n\n\n\n<p>Ich binde die Schriftarten (&#8222;Google Fonts&#8220;) des Anbieters Google LLC, 1600 Amphitheatre Parkway, Mountain View, CA 94043, USA, ein.<br><a rel=\"noreferrer noopener\" href=\"https:\/\/www.google.com\/policies\/privacy\/\" target=\"_blank\">Datenschutzerkl\u00e4rung<\/a><br><a rel=\"noreferrer noopener\" href=\"https:\/\/adssettings.google.com\/authenticated\" target=\"_blank\">Opt-Out<\/a><br><a rel=\"noreferrer noopener\" href=\"https:\/\/support.google.com\/analytics\/answer\/6004245?hl=de\" target=\"_blank\">Datenschutzerkl\u00e4rung f\u00fcr Google Analytics<\/a><br><br><\/p>\n\n\n\n<h3>Soziale Medien<\/h3>\n\n\n\n<p>Ich unterhalte Onlinepr\u00e4senzen innerhalb sozialer Netzwerke und Plattformen, um mit den dort aktiven Kunden, Interessenten und Nutzern zu kommunizieren und Sie dort \u00fcber meine Leistungen informieren zu k\u00f6nnen. Beim Aufruf der jeweiligen Netzwerke und Plattformen gelten die Gesch\u00e4ftsbedingungen und die Datenverarbeitungsrichtlinien deren jeweiligen Betreiber. Soweit nicht anders im Rahmen der Datenschutzerkl\u00e4rung angegeben, verarbeite ich die Daten der Nutzer sofern diese mit uns innerhalb der sozialen Netzwerke und Plattformen kommunizieren, z.B. Beitr\u00e4ge auf unseren Onlinepr\u00e4senzen verfassen oder mir Nachrichten zusenden.<br>&#8212;-<\/p>\n\n\n\n<h6>Diese Datenschutzerkl\u00e4rung wurde angepasst nach Grundlage von:<\/h6>\n\n\n\n<p><a href=\"https:\/\/datenschutz-generator.de\/\" target=\"_blank\" rel=\"noreferrer noopener\">Datenschutz-Generator.de von Rechtsanwalt Dr. jur. Thomas Schwenke<\/a><br><a href=\"https:\/\/www.e-recht24.de\/\" target=\"_blank\" rel=\"noreferrer noopener\">eRecht24 von Rechtsanwalt S\u00f6ren Siebert<\/a><\/p>","protected":false},"excerpt":{"rendered":"<p>Diese Datenschutzerkl\u00e4rung kl\u00e4rt \u00fcber die Art, den Umfang und Zweck der Verarbeitung von personenbezogenen Daten innerhalb meines Onlineangebotes und der mit ihm verbundenen Webseiten, Funktionen und Inhalte sowie externen Onlinepr\u00e4senzen, wie z.B. meiner Social Media Profile auf. Allgemein Verantwortlicher Christoph EnzelLehderstra\u00dfe 5013086 BerlinDeutschland christoph@enzel.dewww.christophenzel.deImpressum Art der erhobenen Daten Die Nutzung dieses Onlineangebots ist in der<a class=\"read-btn hvr-right more-link\" href=\"https:\/\/www.christophenzel.de\/en\/datenschutz\/\">Read More<\/a><\/p>","protected":false},"author":2,"featured_media":0,"parent":0,"menu_order":0,"comment_status":"closed","ping_status":"closed","template":"","meta":[],"_links":{"self":[{"href":"https:\/\/www.christophenzel.de\/en\/wp-json\/wp\/v2\/pages\/1720"}],"collection":[{"href":"https:\/\/www.christophenzel.de\/en\/wp-json\/wp\/v2\/pages"}],"about":[{"href":"https:\/\/www.christophenzel.de\/en\/wp-json\/wp\/v2\/types\/page"}],"author":[{"embeddable":true,"href":"https:\/\/www.christophenzel.de\/en\/wp-json\/wp\/v2\/users\/2"}],"replies":[{"embeddable":true,"href":"https:\/\/www.christophenzel.de\/en\/wp-json\/wp\/v2\/comments?post=1720"}],"version-history":[{"count":16,"href":"https:\/\/www.christophenzel.de\/en\/wp-json\/wp\/v2\/pages\/1720\/revisions"}],"predecessor-version":[{"id":1743,"href":"https:\/\/www.christophenzel.de\/en\/wp-json\/wp\/v2\/pages\/1720\/revisions\/1743"}],"wp:attachment":[{"href":"https:\/\/www.christophenzel.de\/en\/wp-json\/wp\/v2\/media?parent=1720"}],"curies":[{"name":"wp","href":"https:\/\/api.w.org\/{rel}","templated":true}]}}