{"id":2,"date":"2020-08-26T08:21:00","date_gmt":"2020-08-26T06:21:00","guid":{"rendered":"https:\/\/www.christophenzel.de\/mim\/?page_id=2"},"modified":"2020-09-21T10:48:06","modified_gmt":"2020-09-21T08:48:06","slug":"impressum","status":"publish","type":"page","link":"https:\/\/www.christophenzel.de\/en\/impressum\/","title":{"rendered":"Imprint"},"content":{"rendered":"<p>Inhaltlich Verantwortlicher nach \u00a7 5 TMG<\/p>\n<p>Christoph Enzel<br \/>Lehderstra\u00dfe 50<br \/>13086 Berlin<br \/>Deutschland<\/p>\n<p>(+49) 179 &#8211; 78 41 599<br \/><a href=\"mailto:christoph@enzel.de\">christoph@enzel.de<\/a><br \/><a href=\"https:\/\/www.christophenzel.de\/en\/\" target=\"_blank\" rel=\"noopener noreferrer\">www.christophenzel.de<\/a><\/p>\n<p>Foto Christoph Enzel: Copyright by\u00a0<a href=\"https:\/\/103tk.tumblr.com\" target=\"_blank\" rel=\"noopener noreferrer\">Tim Kl\u00f6cker<\/a><\/p>\n<p>\u00a0<\/p>\n\n\n<h5>Haftung f\u00fcr Inhalte<\/h5>\n\n\n\n<p>Die Inhalte dieser Seiten wurden mit gr\u00f6\u00dfter Sorgfalt erstellt. F\u00fcr die Richtigkeit, Vollst\u00e4ndigkeit und Aktualit\u00e4t der Inhalte kann ich jedoch keine Gew\u00e4hr \u00fcbernehmen. Als Diensteanbieter bin ich gem\u00e4\u00df \u00a7 7 Abs.1 TMG f\u00fcr eigene Inhalte auf diesen Seiten nach den allgemeinen Gesetzen verantwortlich. Nach \u00a7\u00a7 8 bis 10 TMG bin ich als Diensteanbieter jedoch nicht verpflichtet, \u00fcbermittelte oder gespeicherte fremde Informationen zu \u00fcberwachen oder nach Umst\u00e4nden zu forschen, die auf eine rechtswidrige T\u00e4tigkeit hinweisen. Verpflichtungen zur Entfernung oder Sperrung der Nutzung von Informationen nach den allgemeinen Gesetzen bleiben hiervon unber\u00fchrt. Eine diesbez\u00fcgliche Haftung ist jedoch erst ab dem Zeitpunkt der Kenntnis einer konkreten Rechtsverletzung m\u00f6glich. Bei Bekanntwerden von entsprechenden Rechtsverletzungen werden diese Inhalte umgehend entfernt.<br><br><\/p>\n\n\n\n<h5>Urheberrecht<\/h5>\n\n\n\n<p>Alle Texte, Bilder und Grafiken auf dieser Webseite unterliegen dem deutschen Urheberrecht und anderen Gesetzen zum Schutz geistigen Eigentums. Die Vervielf\u00e4ltigung, Bearbeitung, Verbreitung und jegliche Art der Verwertung in anderen elektronischen Medien und Systemen ist ohne meine schriftliche Zustimmung untersagt. Eine unerlaubte Verbreitung dieser Inhalte ist nicht gestattet und strafbar. Inhalte und Rechte Dritter sind als solche gekennzeichnet.<br><br><\/p>\n\n\n\n<h5>Externe Links<\/h5>\n\n\n\n<p>F\u00fcr die Inhalte externer Links \u00fcbernehme ich keine Haftung. F\u00fcr die Inhalte dieser Seiten sind allein die jeweiligen Betreiber verantwortlich.<br><br><\/p>\n\n\n\n<h5>Streitschlichtung<\/h5>\n\n\n\n<p>Die Europ\u00e4ische Kommission stellt eine Plattform f\u00fcr die au\u00dfergerichtliche Online-Streitbeilegung (OS-Plattform) bereit, die unter www.ec.europa.eu\/consumers\/odr aufrufbar ist. Meine E-Mail-Adresse finden Sie oben im Impressum. Ich bin weder verpflichtet noch bereit, an dem Streitschlichtungsverfahren teilzunehmen.<br><br><\/p>","protected":false},"excerpt":{"rendered":"<p>Inhaltlich Verantwortlicher nach \u00a7 5 TMG Christoph EnzelLehderstra\u00dfe 5013086 BerlinDeutschland (+49) 179 &#8211; 78 41 599christoph@enzel.dewww.christophenzel.de Foto Christoph Enzel: Copyright by\u00a0Tim Kl\u00f6cker \u00a0 Haftung f\u00fcr Inhalte Die Inhalte dieser Seiten wurden mit gr\u00f6\u00dfter Sorgfalt erstellt. F\u00fcr die Richtigkeit, Vollst\u00e4ndigkeit und Aktualit\u00e4t der Inhalte kann ich jedoch keine Gew\u00e4hr \u00fcbernehmen. Als Diensteanbieter bin ich gem\u00e4\u00df \u00a7<a class=\"read-btn hvr-right more-link\" href=\"https:\/\/www.christophenzel.de\/en\/impressum\/\">Read More<\/a><\/p>","protected":false},"author":2,"featured_media":0,"parent":0,"menu_order":0,"comment_status":"closed","ping_status":"closed","template":"","meta":[],"_links":{"self":[{"href":"https:\/\/www.christophenzel.de\/en\/wp-json\/wp\/v2\/pages\/2"}],"collection":[{"href":"https:\/\/www.christophenzel.de\/en\/wp-json\/wp\/v2\/pages"}],"about":[{"href":"https:\/\/www.christophenzel.de\/en\/wp-json\/wp\/v2\/types\/page"}],"author":[{"embeddable":true,"href":"https:\/\/www.christophenzel.de\/en\/wp-json\/wp\/v2\/users\/2"}],"replies":[{"embeddable":true,"href":"https:\/\/www.christophenzel.de\/en\/wp-json\/wp\/v2\/comments?post=2"}],"version-history":[{"count":34,"href":"https:\/\/www.christophenzel.de\/en\/wp-json\/wp\/v2\/pages\/2\/revisions"}],"predecessor-version":[{"id":1905,"href":"https:\/\/www.christophenzel.de\/en\/wp-json\/wp\/v2\/pages\/2\/revisions\/1905"}],"wp:attachment":[{"href":"https:\/\/www.christophenzel.de\/en\/wp-json\/wp\/v2\/media?parent=2"}],"curies":[{"name":"wp","href":"https:\/\/api.w.org\/{rel}","templated":true}]}}